{"id":131,"date":"2026-04-04T14:20:10","date_gmt":"2026-04-04T13:20:10","guid":{"rendered":"https:\/\/lacabanevaudaise.fr\/?page_id=131"},"modified":"2026-04-04T14:26:41","modified_gmt":"2026-04-04T13:26:41","slug":"ressources-pedagogiques","status":"publish","type":"page","link":"https:\/\/lacabanevaudaise.fr\/index.php\/ressources-pedagogiques\/","title":{"rendered":"Ressources p\u00e9dagogiques"},"content":{"rendered":"\n<h4 class=\"wp-block-heading\">Podcast audio &#8211; Les Dames de la Cabane &#8211; CM1-CM2 Paul Langevin &#8211; Vaulx-en-Velin.<\/h4>\n\n\n\n<p>Les \u00e9l\u00e8ves de CM1-CM2 de l&rsquo;\u00e9cole Paul Langevin de Vaulx-en-Velin ont cr\u00e9\u00e9 un podcast sur l&rsquo;histoire des Dames de la Cabane. G\u00e9rard et Christiane de l&rsquo;Association ont activement particip\u00e9 \u00e0 ce travail p\u00e9dagogique remarquable \/ <\/p>\n\n\n\n<p>Nous vous invitons \u00e0 \u00e9couter ce podcast d&rsquo;une dur\u00e9e 10 minutes.<\/p>\n\n\n\n<p>F\u00e9licitations \u00e0 l&rsquo;enseignante Madame C\u00e9leste Augros-Juan et \u00e0 ses \u00e9l\u00e8ves ! <\/p>\n\n\n\n<p><a href=\"http:\/\/Les Dames de la Cabane - CM1-CM2 Paul Langevin - Vaulx-en-Velin.mp3\">\u00c9couter le podcast sur l&rsquo;application de podcast du Minist\u00e8re de l\u2019\u00c9ducation nationale<\/a><\/p>\n\n\n\n<pre class=\"wp-block-code\"><code><\/code><\/pre>\n\n\n\n<p><\/p>\n","protected":false},"excerpt":{"rendered":"<p>Podcast audio &#8211; Les Dames de la Cabane &#8211; CM1-CM2 Paul Langevin &#8211; Vaulx-en-Velin. Les \u00e9l\u00e8ves de CM1-CM2 de l&rsquo;\u00e9cole Paul Langevin de Vaulx-en-Velin ont cr\u00e9\u00e9 un podcast sur l&rsquo;histoire des Dames de la Cabane. G\u00e9rard et Christiane de l&rsquo;Association ont activement particip\u00e9 \u00e0 ce travail p\u00e9dagogique remarquable \/ Nous vous invitons \u00e0 \u00e9couter ce [&hellip;]<\/p>\n","protected":false},"author":2,"featured_media":0,"parent":0,"menu_order":0,"comment_status":"closed","ping_status":"closed","template":"","meta":{"footnotes":""},"class_list":["post-131","page","type-page","status-publish","hentry"],"_links":{"self":[{"href":"https:\/\/lacabanevaudaise.fr\/index.php\/wp-json\/wp\/v2\/pages\/131","targetHints":{"allow":["GET"]}}],"collection":[{"href":"https:\/\/lacabanevaudaise.fr\/index.php\/wp-json\/wp\/v2\/pages"}],"about":[{"href":"https:\/\/lacabanevaudaise.fr\/index.php\/wp-json\/wp\/v2\/types\/page"}],"author":[{"embeddable":true,"href":"https:\/\/lacabanevaudaise.fr\/index.php\/wp-json\/wp\/v2\/users\/2"}],"replies":[{"embeddable":true,"href":"https:\/\/lacabanevaudaise.fr\/index.php\/wp-json\/wp\/v2\/comments?post=131"}],"version-history":[{"count":5,"href":"https:\/\/lacabanevaudaise.fr\/index.php\/wp-json\/wp\/v2\/pages\/131\/revisions"}],"predecessor-version":[{"id":133,"href":"https:\/\/lacabanevaudaise.fr\/index.php\/wp-json\/wp\/v2\/pages\/131\/revisions\/133"}],"wp:attachment":[{"href":"https:\/\/lacabanevaudaise.fr\/index.php\/wp-json\/wp\/v2\/media?parent=131"}],"curies":[{"name":"wp","href":"https:\/\/api.w.org\/{rel}","templated":true}]}}